{"id":378,"date":"2026-02-04T14:56:18","date_gmt":"2026-02-04T14:56:18","guid":{"rendered":"https:\/\/aubais-ensemble.fr\/?page_id=378"},"modified":"2026-02-04T15:07:49","modified_gmt":"2026-02-04T15:07:49","slug":"conditions-generales-dutilisation","status":"publish","type":"page","link":"https:\/\/aubais-ensemble.fr\/index.php\/conditions-generales-dutilisation\/","title":{"rendered":"Conditions G\u00e9n\u00e9rales d&rsquo;Utilisation"},"content":{"rendered":"\n<p>Conditions g\u00e9n\u00e9rales d&rsquo;utilisation<br>En vigueur au 01\/02\/2026<br>Les pr\u00e9sentes conditions g\u00e9n\u00e9rales d&rsquo;utilisation (dites \u00ab CGU \u00bb) ont pour objet l&rsquo;encadrement juridique<br>des modalit\u00e9s de mise \u00e0 disposition du site et des services par <strong><em><strong><em>___<\/em><\/strong><\/em><\/strong> et de d\u00e9finir les<br>conditions d\u2019acc\u00e8s et d\u2019utilisation des services par \u00ab l&rsquo;Utilisateur \u00bb.<br>Les pr\u00e9sentes CGU sont accessibles sur le site \u00e0 la rubrique \u00abCGU\u00bb.<br>Article 1 : Les mentions l\u00e9gales<br>L\u2019\u00e9dition et la direction de la publication du site www.aubais-ensemle.fr est assur\u00e9e par POBO Angel,<br>domicili\u00e9 10 rue du Nord.<br>Num\u00e9ro de t\u00e9l\u00e9phone est 0680623231<br>Adresse e-mail aubais.ensemble@gmail.com.<br>L&rsquo;h\u00e9bergeur du site www.aubais-ensemle.fr est la soci\u00e9t\u00e9 OVH, dont le si\u00e8ge social est situ\u00e9 au 2 rue<br>Kellerman 59100 Roubaix, avec le num\u00e9ro de t\u00e9l\u00e9phone : 1007.<br>ARTICLE 2 : Acc\u00e8s au site<br>Le site www.aubais-ensemle.fr permet \u00e0 l&rsquo;Utilisateur un acc\u00e8s gratuit aux services suivants :<br>Le site internet propose les services suivants :<\/p>\n\n\n\n<ul class=\"wp-block-list\">\n<li>Pr\u00e9sentation de liste \u00e9lectorale<\/li>\n\n\n\n<li>El\u00e9ments du programme<\/li>\n\n\n\n<li>Prise de contact<br>Le site est accessible gratuitement en tout lieu \u00e0 tout Utilisateur ayant un acc\u00e8s \u00e0 Internet. Tous les<br>frais support\u00e9s par l&rsquo;Utilisateur pour acc\u00e9der au service (mat\u00e9riel informatique, logiciels, connexion<br>Internet, etc.) sont \u00e0 sa charge.<br>ARTICLE 3 : Collecte des donn\u00e9es<br>Le site assure \u00e0 l&rsquo;Utilisateur une collecte et un traitement d&rsquo;informations personnelles dans le respect<br>de la vie priv\u00e9e conform\u00e9ment \u00e0 la loi n\u00b078-17 du 6 janvier 1978 relative \u00e0 l&rsquo;informatique, aux fichiers<br>et aux libert\u00e9s.<br>En vertu de la loi Informatique et Libert\u00e9s, en date du 6 janvier 1978, l&rsquo;Utilisateur dispose d&rsquo;un droit<br>d&rsquo;acc\u00e8s, de rectification, de suppression et d&rsquo;opposition de ses donn\u00e9es personnelles. L&rsquo;Utilisateur<br>exerce ce droit :<br>\u00b7 par mail \u00e0 l&rsquo;adresse email aubais.ensemble@gmail.com<br>ARTICLE 4 : Propri\u00e9t\u00e9 intellectuelle<br>Les marques, logos, signes ainsi que tous les contenus du site (textes, images, son\u2026) font l&rsquo;objet<br>d&rsquo;une protection par le Code de la propri\u00e9t\u00e9 intellectuelle et plus particuli\u00e8rement par le droit d&rsquo;auteur.<br>L&rsquo;Utilisateur doit solliciter l&rsquo;autorisation pr\u00e9alable du site pour toute reproduction, publication, copie<br>des diff\u00e9rents contenus. Il s&rsquo;engage \u00e0 une utilisation des contenus du site dans un cadre strictement<br>priv\u00e9, toute utilisation \u00e0 des fins commerciales et publicitaires est strictement interdite.<br>Toute repr\u00e9sentation totale ou partielle de ce site par quelque proc\u00e9d\u00e9 que ce soit, sans l\u2019autorisation<br>expresse de l\u2019exploitant du site Internet constituerait une contrefa\u00e7on sanctionn\u00e9e par l\u2019article L 335-2<br>et suivants du Code de la propri\u00e9t\u00e9 intellectuelle.<br>Il est rappel\u00e9 conform\u00e9ment \u00e0 l\u2019article L122-5 du Code de propri\u00e9t\u00e9 intellectuelle que l\u2019Utilisateur qui<br>reproduit, copie ou publie le contenu prot\u00e9g\u00e9 doit citer l\u2019auteur et sa source.<br>ARTICLE 5 : Responsabilit\u00e9<br>Les sources des informations diffus\u00e9es sur le site www.aubais-ensemle.fr sont r\u00e9put\u00e9es fiables mais<br>le site ne garantit pas qu\u2019il soit exempt de d\u00e9fauts, d\u2019erreurs ou d\u2019omissions.<br>Les informations communiqu\u00e9es sont pr\u00e9sent\u00e9es \u00e0 titre indicatif et g\u00e9n\u00e9ral sans valeur contractuelle.<br>Malgr\u00e9 des mises \u00e0 jour r\u00e9guli\u00e8res, le site www.aubais-ensemle.fr ne peut \u00eatre tenu responsable de la<br>modification des dispositions administratives et juridiques survenant apr\u00e8s la publication. De m\u00eame, le<br>site ne peut \u00eatre tenue responsable de l\u2019utilisation et de l\u2019interpr\u00e9tation de l\u2019information contenue dans<br>ce site.<br>Le site www.aubais-ensemle.fr ne peut \u00eatre tenu pour responsable d\u2019\u00e9ventuels virus qui pourraient<br>infecter l\u2019ordinateur ou tout mat\u00e9riel informatique de l\u2019Internaute, suite \u00e0 une utilisation, \u00e0 l\u2019acc\u00e8s, ou<br>au t\u00e9l\u00e9chargement provenant de ce site.<br>La responsabilit\u00e9 du site ne peut \u00eatre engag\u00e9e en cas de force majeure ou du fait impr\u00e9visible et<br>insurmontable d&rsquo;un tiers.<br>ARTICLE 6 : Liens hypertextes<br>Des liens hypertextes peuvent \u00eatre pr\u00e9sents sur le site. L\u2019Utilisateur est inform\u00e9 qu\u2019en cliquant sur ces<br>liens, il sortira du site www.aubais-ensemle.fr. Ce dernier n\u2019a pas de contr\u00f4le sur les pages web sur<br>lesquelles aboutissent ces liens et ne saurait, en aucun cas, \u00eatre responsable de leur contenu.<br><br>ARTICLE 7 : Cookies<br>L\u2019Utilisateur est inform\u00e9 que lors de ses visites sur le site, un cookie peut s\u2019installer automatiquement<br>sur son logiciel de navigation.<br>Les cookies sont de petits fichiers stock\u00e9s temporairement sur le disque dur de l\u2019ordinateur de<br>l\u2019Utilisateur par votre navigateur et qui sont n\u00e9cessaires \u00e0 l\u2019utilisation du site www.aubais-ensemle.fr.<br>Les cookies ne contiennent pas d\u2019information personnelle et ne peuvent pas \u00eatre utilis\u00e9s pour<br>identifier quelqu\u2019un. Un cookie contient un identifiant unique, g\u00e9n\u00e9r\u00e9 al\u00e9atoirement et donc anonyme.<br>Certains cookies expirent \u00e0 la fin de la visite de l\u2019Utilisateur, d\u2019autres restent.<br>L\u2019information contenue dans les cookies est utilis\u00e9e pour am\u00e9liorer le site www.aubais-ensemle.fr.<br>En naviguant sur le site, L\u2019Utilisateur les accepte.<br>L\u2019Utilisateur pourra d\u00e9sactiver ces cookies par l\u2019interm\u00e9diaire des param\u00e8tres figurant au sein de son<br>logiciel de navigation.<br>ARTICLE 8 : Droit applicable et juridiction comp\u00e9tente<br>La l\u00e9gislation fran\u00e7aise s&rsquo;applique au pr\u00e9sent contrat. En cas d&rsquo;absence de r\u00e9solution amiable d&rsquo;un<br>litige n\u00e9 entre les parties, les tribunaux fran\u00e7ais seront seuls comp\u00e9tents pour en conna\u00eetre.<br>Pour toute question relative \u00e0 l\u2019application des pr\u00e9sentes CGU, vous pouvez joindre l\u2019\u00e9diteur aux<br>coordonn\u00e9es inscrites \u00e0 l\u2019ARTICLE 1.<br>CGU r\u00e9alis\u00e9es sur http:\/\/legalplace.fr\/<br><\/li>\n<\/ul>\n","protected":false},"excerpt":{"rendered":"<p>Conditions g\u00e9n\u00e9rales d&rsquo;utilisationEn vigueur au 01\/02\/2026Les pr\u00e9sentes conditions g\u00e9n\u00e9rales d&rsquo;utilisation (dites \u00ab CGU \u00bb) ont pour objet l&rsquo;encadrement juridiquedes modalit\u00e9s [&hellip;]<\/p>\n","protected":false},"author":3,"featured_media":0,"parent":0,"menu_order":0,"comment_status":"closed","ping_status":"closed","template":"","meta":{"_uag_custom_page_level_css":"","site-sidebar-layout":"default","site-content-layout":"","ast-site-content-layout":"default","site-content-style":"default","site-sidebar-style":"default","ast-global-header-display":"","ast-banner-title-visibility":"","ast-main-header-display":"","ast-hfb-above-header-display":"","ast-hfb-below-header-display":"","ast-hfb-mobile-header-display":"","site-post-title":"","ast-breadcrumbs-content":"","ast-featured-img":"","footer-sml-layout":"","ast-disable-related-posts":"","theme-transparent-header-meta":"","adv-header-id-meta":"","stick-header-meta":"","header-above-stick-meta":"","header-main-stick-meta":"","header-below-stick-meta":"","astra-migrate-meta-layouts":"default","ast-page-background-enabled":"default","ast-page-background-meta":{"desktop":{"background-color":"var(--ast-global-color-5)","background-image":"","background-repeat":"repeat","background-position":"center center","background-size":"auto","background-attachment":"scroll","background-type":"","background-media":"","overlay-type":"","overlay-color":"","overlay-opacity":"","overlay-gradient":""},"tablet":{"background-color":"","background-image":"","background-repeat":"repeat","background-position":"center center","background-size":"auto","background-attachment":"scroll","background-type":"","background-media":"","overlay-type":"","overlay-color":"","overlay-opacity":"","overlay-gradient":""},"mobile":{"background-color":"","background-image":"","background-repeat":"repeat","background-position":"center center","background-size":"auto","background-attachment":"scroll","background-type":"","background-media":"","overlay-type":"","overlay-color":"","overlay-opacity":"","overlay-gradient":""}},"ast-content-background-meta":{"desktop":{"background-color":"var(--ast-global-color-4)","background-image":"","background-repeat":"repeat","background-position":"center center","background-size":"auto","background-attachment":"scroll","background-type":"","background-media":"","overlay-type":"","overlay-color":"","overlay-opacity":"","overlay-gradient":""},"tablet":{"background-color":"var(--ast-global-color-4)","background-image":"","background-repeat":"repeat","background-position":"center center","background-size":"auto","background-attachment":"scroll","background-type":"","background-media":"","overlay-type":"","overlay-color":"","overlay-opacity":"","overlay-gradient":""},"mobile":{"background-color":"var(--ast-global-color-4)","background-image":"","background-repeat":"repeat","background-position":"center center","background-size":"auto","background-attachment":"scroll","background-type":"","background-media":"","overlay-type":"","overlay-color":"","overlay-opacity":"","overlay-gradient":""}},"footnotes":""},"class_list":["post-378","page","type-page","status-publish","hentry"],"uagb_featured_image_src":{"full":false,"thumbnail":false,"medium":false,"medium_large":false,"large":false,"1536x1536":false,"2048x2048":false},"uagb_author_info":{"display_name":"Ad\u00e8le Coudor","author_link":"https:\/\/aubais-ensemble.fr\/index.php\/author\/adele\/"},"uagb_comment_info":0,"uagb_excerpt":"Conditions g\u00e9n\u00e9rales d&rsquo;utilisationEn vigueur au 01\/02\/2026Les pr\u00e9sentes conditions g\u00e9n\u00e9rales d&rsquo;utilisation (dites \u00ab CGU \u00bb) ont pour objet l&rsquo;encadrement juridiquedes modalit\u00e9s [&hellip;]","_links":{"self":[{"href":"https:\/\/aubais-ensemble.fr\/index.php\/wp-json\/wp\/v2\/pages\/378","targetHints":{"allow":["GET"]}}],"collection":[{"href":"https:\/\/aubais-ensemble.fr\/index.php\/wp-json\/wp\/v2\/pages"}],"about":[{"href":"https:\/\/aubais-ensemble.fr\/index.php\/wp-json\/wp\/v2\/types\/page"}],"author":[{"embeddable":true,"href":"https:\/\/aubais-ensemble.fr\/index.php\/wp-json\/wp\/v2\/users\/3"}],"replies":[{"embeddable":true,"href":"https:\/\/aubais-ensemble.fr\/index.php\/wp-json\/wp\/v2\/comments?post=378"}],"version-history":[{"count":3,"href":"https:\/\/aubais-ensemble.fr\/index.php\/wp-json\/wp\/v2\/pages\/378\/revisions"}],"predecessor-version":[{"id":395,"href":"https:\/\/aubais-ensemble.fr\/index.php\/wp-json\/wp\/v2\/pages\/378\/revisions\/395"}],"wp:attachment":[{"href":"https:\/\/aubais-ensemble.fr\/index.php\/wp-json\/wp\/v2\/media?parent=378"}],"curies":[{"name":"wp","href":"https:\/\/api.w.org\/{rel}","templated":true}]}}