{"id":10,"date":"2025-12-13T19:40:05","date_gmt":"2025-12-13T19:40:05","guid":{"rendered":"https:\/\/aubais-ensemble.fr\/?page_id=10"},"modified":"2026-03-13T18:40:22","modified_gmt":"2026-03-13T18:40:22","slug":"home","status":"publish","type":"page","link":"https:\/\/aubais-ensemble.fr\/","title":{"rendered":"Page d&rsquo;accueil &#8211; AUBAIS ENSEMBLE &#8211; Liste conduite par angel pobo candidat sortant"},"content":{"rendered":"\n<div style=\"height:150px\" aria-hidden=\"true\" class=\"wp-block-spacer\"><\/div>\n\n\n\n<div class=\"wp-block-cover alignfull has-parallax\"><div class=\"wp-block-cover__image-background wp-image-289 has-parallax\" style=\"background-position:50% 50%;background-image:url(http:\/\/aubais-ensemble.fr\/wp-content\/uploads\/2026\/02\/Aubais.jpg)\"><\/div><span aria-hidden=\"true\" class=\"wp-block-cover__background has-background-dim-30 has-background-dim\"><\/span><div class=\"wp-block-cover__inner-container is-layout-flow wp-block-cover-is-layout-flow\">\n<h2 class=\"wp-block-heading alignfull has-text-align-center has-ast-global-color-4-color has-text-color has-link-color wp-elements-ca58158e9bb9157e730f09103a21c836\" style=\"border-style:none;border-width:0px\">aubais ensemble :<br>continuons \u00e0 b\u00e2tir notre avenir<\/h2>\n\n\n\n<div class=\"wp-block-uagb-buttons uagb-buttons__outer-wrap uagb-btn__default-btn uagb-btn-tablet__default-btn uagb-btn-mobile__default-btn uagb-block-0865b563\"><div class=\"uagb-buttons__wrap uagb-buttons-layout-wrap \">\n<div class=\"wp-block-uagb-buttons-child uagb-buttons__outer-wrap uagb-block-6587c1e7 wp-block-button\"><div class=\"uagb-button__wrapper\"><a class=\"uagb-buttons-repeater wp-block-button__link\" aria-label=\"\" href=\"https:\/\/aubais-ensemble.fr\/index.php\/page-de-contact\/\" rel=\"follow noopener\" target=\"_self\" role=\"button\"><div class=\"uagb-button__link\">Exprimez-vous !<\/div><\/a><\/div><\/div>\n<\/div><\/div>\n<\/div><\/div>\n\n\n\n<div style=\"height:46px\" aria-hidden=\"true\" class=\"wp-block-spacer\"><\/div>\n\n\n\n<div class=\"wp-block-columns is-layout-flex wp-container-core-columns-is-layout-73e09c0f wp-block-columns-is-layout-flex\" style=\"margin-top:0;margin-bottom:0;padding-top:0;padding-right:0;padding-bottom:0;padding-left:0\">\n<div class=\"wp-block-column is-vertically-aligned-center is-layout-flow wp-block-column-is-layout-flow\" style=\"flex-basis:33.33%\">\n<figure class=\"wp-block-image aligncenter size-full is-resized has-custom-border is-style-rounded\" style=\"margin-right:0;margin-left:0\"><img loading=\"lazy\" decoding=\"async\" width=\"500\" height=\"500\" src=\"https:\/\/aubais-ensemble.fr\/wp-content\/uploads\/2026\/02\/Angel_home.png\" alt=\"\" class=\"has-border-color has-ast-global-color-0-border-color wp-image-451\" style=\"border-width:5px;border-top-left-radius:180px;border-top-right-radius:180px;border-bottom-left-radius:180px;border-bottom-right-radius:180px;aspect-ratio:1;object-fit:cover;width:200px\" srcset=\"https:\/\/aubais-ensemble.fr\/wp-content\/uploads\/2026\/02\/Angel_home.png 500w, https:\/\/aubais-ensemble.fr\/wp-content\/uploads\/2026\/02\/Angel_home-300x300.png 300w, https:\/\/aubais-ensemble.fr\/wp-content\/uploads\/2026\/02\/Angel_home-150x150.png 150w\" sizes=\"auto, (max-width: 500px) 100vw, 500px\" \/><\/figure>\n<\/div>\n\n\n\n<div class=\"wp-block-column is-vertically-aligned-center is-layout-flow wp-block-column-is-layout-flow\" style=\"flex-basis:66.66%\">\n<p class=\"has-text-align-center\">\u00ab\u00a0Apr\u00e8s avoir r\u00e9alis\u00e9 la grande majorit\u00e9 des objectifs de mon premier mandat, c\u2019est avec une \u00e9quipe \u00e0 la fois exp\u00e9riment\u00e9e et renouvel\u00e9e que je souhaite continuer, avec vous, \u00e0 b\u00e2tir notre avenir \u00e0 Aubais.\u00a0\u00bb<\/p>\n\n\n\n<p class=\"has-text-align-center has-medium-font-size\"><strong>Angel Pobo &#8211; candidat sortant pour la liste Aubais Ensemble<\/strong><\/p>\n<\/div>\n\n\n\n<div class=\"wp-block-buttons is-content-justification-center is-layout-flex wp-container-core-buttons-is-layout-a89b3969 wp-block-buttons-is-layout-flex\">\n<div class=\"wp-block-button is-style-fill\"><a class=\"wp-block-button__link wp-element-button\" href=\"http:\/\/aubais-ensemble.fr\/wp-content\/uploads\/2026\/03\/Discours-Pobo.pdf\">T\u00e9l\u00e9charger le discours d&rsquo;Angel Pobo lors de la r\u00e9union publique du 10\/03\/2026<\/a><\/div>\n<\/div>\n<\/div>\n\n\n\n<div style=\"height:100px\" aria-hidden=\"true\" id=\"rdv\" class=\"wp-block-spacer\"><\/div>\n\n\n\n<h3 class=\"wp-block-heading has-text-align-center has-ast-global-color-6-color has-text-color has-link-color wp-elements-371a18e52cf95086cd52d912a49a5a9d\">NOS RENDEZ-VOUS<\/h3>\n\n\n\n<div class=\"wp-block-columns is-layout-flex wp-container-core-columns-is-layout-228b52bf wp-block-columns-is-layout-flex\" style=\"margin-top:0;margin-bottom:0;padding-top:0;padding-right:0;padding-bottom:0;padding-left:0\">\n<div class=\"wp-block-column is-vertically-aligned-top has-border-color has-ast-global-color-0-border-color is-layout-flow wp-container-core-column-is-layout-bb7bf844 wp-block-column-is-layout-flow\" style=\"border-top-left-radius:25px;border-top-right-radius:25px;border-bottom-left-radius:25px;border-bottom-right-radius:25px;padding-top:0;padding-right:var(--wp--preset--spacing--30);padding-bottom:0;padding-left:var(--wp--preset--spacing--30)\">\n<h4 class=\"wp-block-heading has-text-align-center\">rencontres citoyennes<\/h4>\n\n\n\n<p class=\"has-text-align-center has-ast-global-color-3-color has-text-color has-link-color wp-elements-9b52c3d5bd9f475b04554ca14bff436a\" style=\"font-size:25px\"><strong>\u00e0 18h30 \u00e0 la Cave Auba\u00ef Mema<\/strong><\/p>\n\n\n\n<p class=\"has-text-align-center has-white-background-color has-background\" style=\"border-top-left-radius:25px;border-top-right-radius:25px;border-bottom-left-radius:25px;border-bottom-right-radius:25px;padding-top:0;padding-right:0;padding-bottom:0;padding-left:0\"><strong>Vendredi 16 janvier<\/strong><br>Am\u00e9nagement du village<\/p>\n\n\n\n<p class=\"has-text-align-center has-white-background-color has-background\" style=\"border-top-left-radius:25px;border-top-right-radius:25px;border-bottom-left-radius:25px;border-bottom-right-radius:25px;padding-top:0;padding-right:0;padding-bottom:0;padding-left:0\"><strong>Vendredi 30 janvier<\/strong><br>Vie \u00e9conomique<\/p>\n\n\n\n<p class=\"has-text-align-center has-white-background-color has-background\" style=\"border-top-left-radius:25px;border-top-right-radius:25px;border-bottom-left-radius:25px;border-bottom-right-radius:25px;padding-top:0;padding-right:0;padding-bottom:0;padding-left:0\"><strong>Jeudi 19 f\u00e9vrier<br><\/strong>Restitution et pr\u00e9sentation du programme<\/p>\n<\/div>\n\n\n\n<div class=\"wp-block-column is-vertically-aligned-top has-border-color has-ast-global-color-0-border-color is-layout-flow wp-container-core-column-is-layout-0a808d5a wp-block-column-is-layout-flow\" style=\"border-top-left-radius:25px;border-top-right-radius:25px;border-bottom-left-radius:25px;border-bottom-right-radius:25px;padding-right:var(--wp--preset--spacing--30);padding-left:var(--wp--preset--spacing--30)\">\n<h4 class=\"wp-block-heading has-text-align-center\">r\u00e9unions de quartier<\/h4>\n\n\n\n<p class=\"has-text-align-center has-ast-global-color-3-color has-text-color has-link-color wp-elements-d6f03f8520d126a310d1afbdc05f5ca7\" style=\"font-size:25px\"><strong>Rendez-vous \u00e0 10h30<\/strong><br>(les lieux sont facilement rep\u00e9rables par des oriflammes aux couleurs de la liste)<\/p>\n\n\n\n<p class=\"has-text-align-center has-white-background-color has-background\" style=\"border-top-left-radius:25px;border-top-right-radius:25px;border-bottom-left-radius:25px;border-bottom-right-radius:25px;padding-top:0;padding-right:0;padding-bottom:0;padding-left:0\"><strong>Samedi 7 f\u00e9vrier<\/strong><br>Chemin des masques<\/p>\n\n\n\n<p class=\"has-text-align-center has-white-background-color has-background\" style=\"border-top-left-radius:25px;border-top-right-radius:25px;border-bottom-left-radius:25px;border-bottom-right-radius:25px;padding-top:0;padding-right:0;padding-bottom:0;padding-left:0\"><strong>Samedi 14 f\u00e9vrier<\/strong><br>Impasse du Clapas<\/p>\n\n\n\n<p class=\"has-text-align-center has-white-background-color has-background\" style=\"border-top-left-radius:25px;border-top-right-radius:25px;border-bottom-left-radius:25px;border-bottom-right-radius:25px;padding-top:0;padding-right:0;padding-bottom:0;padding-left:0\"><strong>Samedi 21 f\u00e9vrier<\/strong><br>Chemin sous les Clos<\/p>\n\n\n\n<p class=\"has-text-align-center has-white-background-color has-background\" style=\"border-top-left-radius:25px;border-top-right-radius:25px;border-bottom-left-radius:25px;border-bottom-right-radius:25px;padding-top:0;padding-right:0;padding-bottom:0;padding-left:0\"><strong>Samedi 28 f\u00e9vrier<\/strong><br>Route d&rsquo;Aigues-Vives<\/p>\n\n\n\n<p class=\"has-text-align-center has-white-background-color has-background\" style=\"border-top-left-radius:25px;border-top-right-radius:25px;border-bottom-left-radius:25px;border-bottom-right-radius:25px;padding-top:0;padding-right:0;padding-bottom:0;padding-left:0\"><strong>Samedi 7 mars<\/strong><br>Place du ch\u00e2teau<\/p>\n<\/div>\n<\/div>\n\n\n\n<div style=\"height:60px\" aria-hidden=\"true\" class=\"wp-block-spacer\"><\/div>\n\n\n\n<h4 class=\"wp-block-heading has-text-align-center has-large-font-size\">r\u00e9union publique<\/h4>\n\n\n\n<p class=\"has-text-align-center has-large-font-size\"><strong>Mardi 10 mars \u00e0 19h au Foyer<\/strong><\/p>\n\n\n\n<h4 class=\"wp-block-heading has-text-align-center\">Premier tour des \u00e9lections municipales<\/h4>\n\n\n\n<p class=\"has-text-align-center has-large-font-size\"><strong>Dimanche 15 mars<\/strong><\/p>\n\n\n\n<div style=\"height:60px\" aria-hidden=\"true\" class=\"wp-block-spacer\"><\/div>\n\n\n\n<h3 class=\"wp-block-heading has-text-align-center has-ast-global-color-6-color has-text-color has-link-color wp-elements-0b6bfeb496fe2515cecb1b6c3c7c5f5e\"><a href=\"https:\/\/aubais-ensemble.fr\/index.php\/colistiers-et-candidats-de-la-liste-aubais-ensemble-2026\/\" data-type=\"page\" data-id=\"96\">LES COLISTIERS<\/a><\/h3>\n\n\n\n<figure class=\"wp-block-image size-large uag-hide-desktop uag-hide-tab\"><a href=\"https:\/\/aubais-ensemble.fr\/index.php\/colistiers-et-candidats-de-la-liste-aubais-ensemble-2026\/\"><img loading=\"lazy\" decoding=\"async\" width=\"1024\" height=\"768\" src=\"http:\/\/aubais-ensemble.fr\/wp-content\/uploads\/2026\/02\/Groupe-1024x768.jpg\" alt=\"\" class=\"wp-image-495\" srcset=\"https:\/\/aubais-ensemble.fr\/wp-content\/uploads\/2026\/02\/Groupe-1024x768.jpg 1024w, https:\/\/aubais-ensemble.fr\/wp-content\/uploads\/2026\/02\/Groupe-300x225.jpg 300w, https:\/\/aubais-ensemble.fr\/wp-content\/uploads\/2026\/02\/Groupe-768x576.jpg 768w, https:\/\/aubais-ensemble.fr\/wp-content\/uploads\/2026\/02\/Groupe-1536x1152.jpg 1536w, https:\/\/aubais-ensemble.fr\/wp-content\/uploads\/2026\/02\/Groupe-2048x1536.jpg 2048w\" sizes=\"auto, (max-width: 1024px) 100vw, 1024px\" \/><\/a><\/figure>\n\n\n\n<div class=\"wp-block-cover alignfull has-custom-content-position is-position-bottom-center uag-hide-desktop uag-hide-mob\" style=\"min-height:430px;aspect-ratio:unset;\"><img decoding=\"async\" class=\"wp-block-cover__image-background wp-image-495 size-full\" alt=\"\" src=\"http:\/\/aubais-ensemble.fr\/wp-content\/uploads\/2026\/02\/Groupe_VF.png\" style=\"object-position:50% 23%\" data-object-fit=\"cover\" data-object-position=\"50% 23%\"\/><span aria-hidden=\"true\" class=\"wp-block-cover__background has-background-dim-0 has-background-dim\" style=\"background-color:#7b7a7e\"><\/span><div class=\"wp-block-cover__inner-container is-layout-flow wp-block-cover-is-layout-flow\">\n<div class=\"wp-block-uagb-buttons uagb-buttons__outer-wrap uagb-btn__default-btn uagb-btn-tablet__default-btn uagb-btn-mobile__default-btn uagb-block-9ca8a292\"><div class=\"uagb-buttons__wrap uagb-buttons-layout-wrap \">\n<div class=\"wp-block-uagb-buttons-child uagb-buttons__outer-wrap uagb-block-6411017a wp-block-button\"><div class=\"uagb-button__wrapper\"><a class=\"uagb-buttons-repeater wp-block-button__link\" aria-label=\"\" href=\"https:\/\/aubais-ensemble.fr\/index.php\/colistiers-et-candidats-de-la-liste-aubais-ensemble-2026\/\" rel=\"follow noopener\" target=\"_self\" role=\"button\"><div class=\"uagb-button__link\">Mieux conna\u00eetre les colistiers<\/div><\/a><\/div><\/div>\n<\/div><\/div>\n<\/div><\/div>\n\n\n\n<div class=\"wp-block-cover alignfull has-custom-content-position is-position-bottom-center uag-hide-tab uag-hide-mob\" style=\"min-height:100vh;aspect-ratio:unset;\"><img decoding=\"async\" class=\"wp-block-cover__image-background wp-image-495 size-full\" alt=\"\" src=\"http:\/\/aubais-ensemble.fr\/wp-content\/uploads\/2026\/02\/Groupe_VF.png\" style=\"object-position:50% 23%\" data-object-fit=\"cover\" data-object-position=\"50% 23%\"\/><span aria-hidden=\"true\" class=\"wp-block-cover__background has-background-dim-0 has-background-dim\" style=\"background-color:#7b7a7e\"><\/span><div class=\"wp-block-cover__inner-container is-layout-flow wp-block-cover-is-layout-flow\">\n<div class=\"wp-block-uagb-buttons uagb-buttons__outer-wrap uagb-btn__default-btn uagb-btn-tablet__default-btn uagb-btn-mobile__default-btn uagb-block-f115324f\"><div class=\"uagb-buttons__wrap uagb-buttons-layout-wrap \">\n<div class=\"wp-block-uagb-buttons-child uagb-buttons__outer-wrap uagb-block-2fb409ce wp-block-button\"><div class=\"uagb-button__wrapper\"><a class=\"uagb-buttons-repeater wp-block-button__link\" aria-label=\"\" href=\"https:\/\/aubais-ensemble.fr\/index.php\/colistiers-et-candidats-de-la-liste-aubais-ensemble-2026\/\" rel=\"follow noopener\" target=\"_self\" role=\"button\"><div class=\"uagb-button__link\">Mieux conna\u00eetre les colistiers<\/div><\/a><\/div><\/div>\n<\/div><\/div>\n<\/div><\/div>\n\n\n\n<div style=\"height:200px\" aria-hidden=\"true\" id=\"prochains-rdv\" class=\"wp-block-spacer\"><\/div>\n","protected":false},"excerpt":{"rendered":"<p>\u00ab\u00a0Apr\u00e8s avoir r\u00e9alis\u00e9 la grande majorit\u00e9 des objectifs de mon premier mandat, c\u2019est avec une \u00e9quipe \u00e0 la fois exp\u00e9riment\u00e9e [&hellip;]<\/p>\n","protected":false},"author":2,"featured_media":0,"parent":0,"menu_order":0,"comment_status":"closed","ping_status":"closed","template":"","meta":{"_uag_custom_page_level_css":"","site-sidebar-layout":"no-sidebar","site-content-layout":"plain-container","ast-site-content-layout":"default","site-content-style":"default","site-sidebar-style":"default","ast-global-header-display":"","ast-banner-title-visibility":"","ast-main-header-display":"","ast-hfb-above-header-display":"","ast-hfb-below-header-display":"","ast-hfb-mobile-header-display":"","site-post-title":"disabled","ast-breadcrumbs-content":"","ast-featured-img":"","footer-sml-layout":"","ast-disable-related-posts":"","theme-transparent-header-meta":"enabled","adv-header-id-meta":"","stick-header-meta":"","header-above-stick-meta":"","header-main-stick-meta":"","header-below-stick-meta":"","astra-migrate-meta-layouts":"default","ast-page-background-enabled":"default","ast-page-background-meta":{"desktop":{"background-color":"var(--ast-global-color-5)","background-image":"","background-repeat":"repeat","background-position":"center center","background-size":"auto","background-attachment":"scroll","background-type":"","background-media":"","overlay-type":"","overlay-color":"","overlay-opacity":"","overlay-gradient":""},"tablet":{"background-color":"","background-image":"","background-repeat":"repeat","background-position":"center center","background-size":"auto","background-attachment":"scroll","background-type":"","background-media":"","overlay-type":"","overlay-color":"","overlay-opacity":"","overlay-gradient":""},"mobile":{"background-color":"","background-image":"","background-repeat":"repeat","background-position":"center center","background-size":"auto","background-attachment":"scroll","background-type":"","background-media":"","overlay-type":"","overlay-color":"","overlay-opacity":"","overlay-gradient":""}},"ast-content-background-meta":{"desktop":{"background-color":"var(--ast-global-color-4)","background-image":"","background-repeat":"repeat","background-position":"center center","background-size":"auto","background-attachment":"scroll","background-type":"","background-media":"","overlay-type":"","overlay-color":"","overlay-opacity":"","overlay-gradient":""},"tablet":{"background-color":"var(--ast-global-color-4)","background-image":"","background-repeat":"repeat","background-position":"center center","background-size":"auto","background-attachment":"scroll","background-type":"","background-media":"","overlay-type":"","overlay-color":"","overlay-opacity":"","overlay-gradient":""},"mobile":{"background-color":"var(--ast-global-color-4)","background-image":"","background-repeat":"repeat","background-position":"center center","background-size":"auto","background-attachment":"scroll","background-type":"","background-media":"","overlay-type":"","overlay-color":"","overlay-opacity":"","overlay-gradient":""}},"footnotes":""},"class_list":["post-10","page","type-page","status-publish","hentry"],"uagb_featured_image_src":{"full":false,"thumbnail":false,"medium":false,"medium_large":false,"large":false,"1536x1536":false,"2048x2048":false},"uagb_author_info":{"display_name":"Antoine Rousseau","author_link":"https:\/\/aubais-ensemble.fr\/index.php\/author\/eni0tna\/"},"uagb_comment_info":0,"uagb_excerpt":"\u00ab\u00a0Apr\u00e8s avoir r\u00e9alis\u00e9 la grande majorit\u00e9 des objectifs de mon premier mandat, c\u2019est avec une \u00e9quipe \u00e0 la fois exp\u00e9riment\u00e9e [&hellip;]","_links":{"self":[{"href":"https:\/\/aubais-ensemble.fr\/index.php\/wp-json\/wp\/v2\/pages\/10","targetHints":{"allow":["GET"]}}],"collection":[{"href":"https:\/\/aubais-ensemble.fr\/index.php\/wp-json\/wp\/v2\/pages"}],"about":[{"href":"https:\/\/aubais-ensemble.fr\/index.php\/wp-json\/wp\/v2\/types\/page"}],"author":[{"embeddable":true,"href":"https:\/\/aubais-ensemble.fr\/index.php\/wp-json\/wp\/v2\/users\/2"}],"replies":[{"embeddable":true,"href":"https:\/\/aubais-ensemble.fr\/index.php\/wp-json\/wp\/v2\/comments?post=10"}],"version-history":[{"count":113,"href":"https:\/\/aubais-ensemble.fr\/index.php\/wp-json\/wp\/v2\/pages\/10\/revisions"}],"predecessor-version":[{"id":989,"href":"https:\/\/aubais-ensemble.fr\/index.php\/wp-json\/wp\/v2\/pages\/10\/revisions\/989"}],"wp:attachment":[{"href":"https:\/\/aubais-ensemble.fr\/index.php\/wp-json\/wp\/v2\/media?parent=10"}],"curies":[{"name":"wp","href":"https:\/\/api.w.org\/{rel}","templated":true}]}}